{"id":9860,"date":"2020-01-30T16:49:45","date_gmt":"2020-01-30T15:49:45","guid":{"rendered":"https:\/\/bsi-ice.com\/product\/handschuhe-gegen-kaelte\/"},"modified":"2025-10-24T05:27:12","modified_gmt":"2025-10-24T03:27:12","slug":"kaelteschutzhandschuh","status":"publish","type":"product","link":"https:\/\/bsi-ice.com\/de\/produkt\/kaelteschutzhandschuh\/","title":{"rendered":"Handschuhe gegen K\u00e4lte"},"content":{"rendered":"<div class=\"productPageContentBlock-ProductDescText\"><span id=\"product_shortdescription_7100210\">Ideal f\u00fcr den Umgang mit Trockeneis.<\/span><\/div>\n<div id=\"productBulletText_\" class=\"productPageContentBlock-ProductBulletText text-sm\">\n<ul>\n<li>Garantiert optimale Isolierung gegen K\u00e4lte.<\/li>\n<li>Geraffte, raue Oberfl\u00e4che f\u00fcr einen hervorragenden Griff.<\/li>\n<\/ul>\n<\/div>\n","protected":false},"excerpt":{"rendered":"<div class=\"productPageContentBlock-ProductDescText\"><span id=\"product_shortdescription_7100210\">Handschuhe mit optimaler Isolierung gegen K\u00e4lte. Ideal f\u00fcr die Arbeit mit Trockeneis.<\/span><\/div>\n<div><\/div>\n<div>F\u00fcr eine Lieferung fordern Sie bitte ein Angebot an. Die Abholung im Gesch\u00e4ft ist weiterhin m\u00f6glich.<\/div>\n<div id=\"productBulletText_\" class=\"productPageContentBlock-ProductBulletText text-sm\">\n<p>&nbsp;<\/p>\n<\/div>\n","protected":false},"featured_media":9212,"template":"","meta":{"_eb_attr":"","_monsterinsights_skip_tracking":false,"_monsterinsights_sitenote_active":false,"_monsterinsights_sitenote_note":"","_monsterinsights_sitenote_category":0,"ocean_post_layout":"","ocean_both_sidebars_style":"","ocean_both_sidebars_content_width":0,"ocean_both_sidebars_sidebars_width":0,"ocean_sidebar":"0","ocean_second_sidebar":"0","ocean_disable_margins":"enable","ocean_add_body_class":"","ocean_shortcode_before_top_bar":"","ocean_shortcode_after_top_bar":"","ocean_shortcode_before_header":"","ocean_shortcode_after_header":"","ocean_has_shortcode":"","ocean_shortcode_after_title":"","ocean_shortcode_before_footer_widgets":"","ocean_shortcode_after_footer_widgets":"","ocean_shortcode_before_footer_bottom":"","ocean_shortcode_after_footer_bottom":"","ocean_display_top_bar":"default","ocean_display_header":"default","ocean_header_style":"","ocean_center_header_left_menu":"0","ocean_custom_header_template":"0","ocean_custom_logo":0,"ocean_custom_retina_logo":0,"ocean_custom_logo_max_width":0,"ocean_custom_logo_tablet_max_width":0,"ocean_custom_logo_mobile_max_width":0,"ocean_custom_logo_max_height":0,"ocean_custom_logo_tablet_max_height":0,"ocean_custom_logo_mobile_max_height":0,"ocean_header_custom_menu":"0","ocean_menu_typo_font_family":"0","ocean_menu_typo_font_subset":"","ocean_menu_typo_font_size":0,"ocean_menu_typo_font_size_tablet":0,"ocean_menu_typo_font_size_mobile":0,"ocean_menu_typo_font_size_unit":"px","ocean_menu_typo_font_weight":"","ocean_menu_typo_font_weight_tablet":"","ocean_menu_typo_font_weight_mobile":"","ocean_menu_typo_transform":"","ocean_menu_typo_transform_tablet":"","ocean_menu_typo_transform_mobile":"","ocean_menu_typo_line_height":0,"ocean_menu_typo_line_height_tablet":0,"ocean_menu_typo_line_height_mobile":0,"ocean_menu_typo_line_height_unit":"","ocean_menu_typo_spacing":0,"ocean_menu_typo_spacing_tablet":0,"ocean_menu_typo_spacing_mobile":0,"ocean_menu_typo_spacing_unit":"","ocean_menu_link_color":"","ocean_menu_link_color_hover":"","ocean_menu_link_color_active":"","ocean_menu_link_background":"","ocean_menu_link_hover_background":"","ocean_menu_link_active_background":"","ocean_menu_social_links_bg":"","ocean_menu_social_hover_links_bg":"","ocean_menu_social_links_color":"","ocean_menu_social_hover_links_color":"","ocean_disable_title":"default","ocean_disable_heading":"default","ocean_post_title":"","ocean_post_subheading":"","ocean_post_title_style":"","ocean_post_title_background_color":"","ocean_post_title_background":0,"ocean_post_title_bg_image_position":"","ocean_post_title_bg_image_attachment":"","ocean_post_title_bg_image_repeat":"","ocean_post_title_bg_image_size":"","ocean_post_title_height":0,"ocean_post_title_bg_overlay":0.5,"ocean_post_title_bg_overlay_color":"","ocean_disable_breadcrumbs":"default","ocean_breadcrumbs_color":"","ocean_breadcrumbs_separator_color":"","ocean_breadcrumbs_links_color":"","ocean_breadcrumbs_links_hover_color":"","ocean_display_footer_widgets":"default","ocean_display_footer_bottom":"default","ocean_custom_footer_template":"0"},"product_brand":[],"product_cat":[94,89,127,131,88,113,129,91],"product_tag":[],"class_list":{"0":"post-9860","1":"product","2":"type-product","3":"status-publish","4":"has-post-thumbnail","6":"product_cat-ausgewahlte-produkte-2","7":"product_cat-events","8":"product_cat-konservierung","9":"product_cat-kuehlung","10":"product_cat-nebel-rauch-effekt","11":"product_cat-transport-de","12":"product_cat-trockeneis-strahlen","13":"product_cat-zubehoer","15":"entry","16":"has-media","18":"first","19":"instock","20":"taxable","21":"shipping-taxable","22":"purchasable","23":"product-type-simple","24":"col","25":"span_1_of_3","26":"owp-content-center","27":"owp-thumbs-layout-horizontal","28":"owp-btn-very-big","29":"owp-tabs-layout-horizontal","30":"has-no-thumbnails"},"yoast_head":"<!-- This site is optimized with the Yoast SEO plugin v26.4 - https:\/\/yoast.com\/wordpress\/plugins\/seo\/ -->\n<title>Handschuhe gegen K\u00e4lte - BSI Ice<\/title>\n<meta name=\"robots\" content=\"index, follow, max-snippet:-1, max-image-preview:large, max-video-preview:-1\" \/>\n<link rel=\"canonical\" href=\"https:\/\/bsi-ice.com\/de\/produkt\/kaelteschutzhandschuh\/\" \/>\n<meta property=\"og:locale\" content=\"de_DE\" \/>\n<meta property=\"og:type\" content=\"article\" \/>\n<meta property=\"og:title\" content=\"Handschuhe gegen K\u00e4lte - BSI Ice\" \/>\n<meta property=\"og:description\" content=\"Handschuhe mit optimaler Isolierung gegen K\u00e4lte. Ideal f\u00fcr die Arbeit mit Trockeneis. F\u00fcr eine Lieferung fordern Sie bitte ein Angebot an. Die Abholung im Gesch\u00e4ft ist weiterhin m\u00f6glich.  &nbsp;\" \/>\n<meta property=\"og:url\" content=\"https:\/\/bsi-ice.com\/de\/produkt\/kaelteschutzhandschuh\/\" \/>\n<meta property=\"og:site_name\" content=\"BSI Ice\" \/>\n<meta property=\"article:modified_time\" content=\"2025-10-24T03:27:12+00:00\" \/>\n<meta property=\"og:image\" content=\"https:\/\/bsi-ice.com\/wp-content\/uploads\/2020\/01\/gants-anti-froid.png\" \/>\n\t<meta property=\"og:image:width\" content=\"732\" \/>\n\t<meta property=\"og:image:height\" content=\"667\" \/>\n\t<meta property=\"og:image:type\" content=\"image\/png\" \/>\n<meta name=\"twitter:card\" content=\"summary_large_image\" \/>\n<script type=\"application\/ld+json\" class=\"yoast-schema-graph\">{\"@context\":\"https:\/\/schema.org\",\"@graph\":[{\"@type\":\"WebPage\",\"@id\":\"https:\/\/bsi-ice.com\/de\/produkt\/kaelteschutzhandschuh\/\",\"url\":\"https:\/\/bsi-ice.com\/de\/produkt\/kaelteschutzhandschuh\/\",\"name\":\"Handschuhe gegen K\u00e4lte - BSI Ice\",\"isPartOf\":{\"@id\":\"https:\/\/bsi-ice.com\/de\/#website\"},\"primaryImageOfPage\":{\"@id\":\"https:\/\/bsi-ice.com\/de\/produkt\/kaelteschutzhandschuh\/#primaryimage\"},\"image\":{\"@id\":\"https:\/\/bsi-ice.com\/de\/produkt\/kaelteschutzhandschuh\/#primaryimage\"},\"thumbnailUrl\":\"https:\/\/bsi-ice.com\/wp-content\/uploads\/2020\/01\/gants-anti-froid.png\",\"datePublished\":\"2020-01-30T15:49:45+00:00\",\"dateModified\":\"2025-10-24T03:27:12+00:00\",\"breadcrumb\":{\"@id\":\"https:\/\/bsi-ice.com\/de\/produkt\/kaelteschutzhandschuh\/#breadcrumb\"},\"inLanguage\":\"de\",\"potentialAction\":[{\"@type\":\"ReadAction\",\"target\":[\"https:\/\/bsi-ice.com\/de\/produkt\/kaelteschutzhandschuh\/\"]}]},{\"@type\":\"ImageObject\",\"inLanguage\":\"de\",\"@id\":\"https:\/\/bsi-ice.com\/de\/produkt\/kaelteschutzhandschuh\/#primaryimage\",\"url\":\"https:\/\/bsi-ice.com\/wp-content\/uploads\/2020\/01\/gants-anti-froid.png\",\"contentUrl\":\"https:\/\/bsi-ice.com\/wp-content\/uploads\/2020\/01\/gants-anti-froid.png\",\"width\":732,\"height\":667},{\"@type\":\"BreadcrumbList\",\"@id\":\"https:\/\/bsi-ice.com\/de\/produkt\/kaelteschutzhandschuh\/#breadcrumb\",\"itemListElement\":[{\"@type\":\"ListItem\",\"position\":1,\"name\":\"Accueil\",\"item\":\"https:\/\/bsi-ice.com\/de\/start\/\"},{\"@type\":\"ListItem\",\"position\":2,\"name\":\"Shop\",\"item\":\"https:\/\/bsi-ice.com\/de\/shop-2\/\"},{\"@type\":\"ListItem\",\"position\":3,\"name\":\"Handschuhe gegen K\u00e4lte\"}]},{\"@type\":\"WebSite\",\"@id\":\"https:\/\/bsi-ice.com\/de\/#website\",\"url\":\"https:\/\/bsi-ice.com\/de\/\",\"name\":\"Bsi Ice\",\"description\":\"Glace carbonique de premi\u00e8re qualit\u00e9\",\"publisher\":{\"@id\":\"https:\/\/bsi-ice.com\/de\/#organization\"},\"potentialAction\":[{\"@type\":\"SearchAction\",\"target\":{\"@type\":\"EntryPoint\",\"urlTemplate\":\"https:\/\/bsi-ice.com\/de\/?s={search_term_string}\"},\"query-input\":{\"@type\":\"PropertyValueSpecification\",\"valueRequired\":true,\"valueName\":\"search_term_string\"}}],\"inLanguage\":\"de\"},{\"@type\":\"Organization\",\"@id\":\"https:\/\/bsi-ice.com\/de\/#organization\",\"name\":\"Bsi Ice\",\"url\":\"https:\/\/bsi-ice.com\/de\/\",\"logo\":{\"@type\":\"ImageObject\",\"inLanguage\":\"de\",\"@id\":\"https:\/\/bsi-ice.com\/de\/#\/schema\/logo\/image\/\",\"url\":\"https:\/\/bsi-ice.com\/wp-content\/uploads\/2019\/08\/Logo-Bsi-ice-VF-1.png\",\"contentUrl\":\"https:\/\/bsi-ice.com\/wp-content\/uploads\/2019\/08\/Logo-Bsi-ice-VF-1.png\",\"width\":643,\"height\":138,\"caption\":\"Bsi Ice\"},\"image\":{\"@id\":\"https:\/\/bsi-ice.com\/de\/#\/schema\/logo\/image\/\"},\"sameAs\":[\"https:\/\/www.linkedin.com\/company\/11209666\"]}]}<\/script>\n<!-- \/ Yoast SEO plugin. -->","yoast_head_json":{"title":"Handschuhe gegen K\u00e4lte - BSI Ice","robots":{"index":"index","follow":"follow","max-snippet":"max-snippet:-1","max-image-preview":"max-image-preview:large","max-video-preview":"max-video-preview:-1"},"canonical":"https:\/\/bsi-ice.com\/de\/produkt\/kaelteschutzhandschuh\/","og_locale":"de_DE","og_type":"article","og_title":"Handschuhe gegen K\u00e4lte - BSI Ice","og_description":"Handschuhe mit optimaler Isolierung gegen K\u00e4lte. Ideal f\u00fcr die Arbeit mit Trockeneis. F\u00fcr eine Lieferung fordern Sie bitte ein Angebot an. Die Abholung im Gesch\u00e4ft ist weiterhin m\u00f6glich.  &nbsp;","og_url":"https:\/\/bsi-ice.com\/de\/produkt\/kaelteschutzhandschuh\/","og_site_name":"BSI Ice","article_modified_time":"2025-10-24T03:27:12+00:00","og_image":[{"width":732,"height":667,"url":"https:\/\/bsi-ice.com\/wp-content\/uploads\/2020\/01\/gants-anti-froid.png","type":"image\/png"}],"twitter_card":"summary_large_image","schema":{"@context":"https:\/\/schema.org","@graph":[{"@type":"WebPage","@id":"https:\/\/bsi-ice.com\/de\/produkt\/kaelteschutzhandschuh\/","url":"https:\/\/bsi-ice.com\/de\/produkt\/kaelteschutzhandschuh\/","name":"Handschuhe gegen K\u00e4lte - BSI Ice","isPartOf":{"@id":"https:\/\/bsi-ice.com\/de\/#website"},"primaryImageOfPage":{"@id":"https:\/\/bsi-ice.com\/de\/produkt\/kaelteschutzhandschuh\/#primaryimage"},"image":{"@id":"https:\/\/bsi-ice.com\/de\/produkt\/kaelteschutzhandschuh\/#primaryimage"},"thumbnailUrl":"https:\/\/bsi-ice.com\/wp-content\/uploads\/2020\/01\/gants-anti-froid.png","datePublished":"2020-01-30T15:49:45+00:00","dateModified":"2025-10-24T03:27:12+00:00","breadcrumb":{"@id":"https:\/\/bsi-ice.com\/de\/produkt\/kaelteschutzhandschuh\/#breadcrumb"},"inLanguage":"de","potentialAction":[{"@type":"ReadAction","target":["https:\/\/bsi-ice.com\/de\/produkt\/kaelteschutzhandschuh\/"]}]},{"@type":"ImageObject","inLanguage":"de","@id":"https:\/\/bsi-ice.com\/de\/produkt\/kaelteschutzhandschuh\/#primaryimage","url":"https:\/\/bsi-ice.com\/wp-content\/uploads\/2020\/01\/gants-anti-froid.png","contentUrl":"https:\/\/bsi-ice.com\/wp-content\/uploads\/2020\/01\/gants-anti-froid.png","width":732,"height":667},{"@type":"BreadcrumbList","@id":"https:\/\/bsi-ice.com\/de\/produkt\/kaelteschutzhandschuh\/#breadcrumb","itemListElement":[{"@type":"ListItem","position":1,"name":"Accueil","item":"https:\/\/bsi-ice.com\/de\/start\/"},{"@type":"ListItem","position":2,"name":"Shop","item":"https:\/\/bsi-ice.com\/de\/shop-2\/"},{"@type":"ListItem","position":3,"name":"Handschuhe gegen K\u00e4lte"}]},{"@type":"WebSite","@id":"https:\/\/bsi-ice.com\/de\/#website","url":"https:\/\/bsi-ice.com\/de\/","name":"Bsi Ice","description":"Glace carbonique de premi\u00e8re qualit\u00e9","publisher":{"@id":"https:\/\/bsi-ice.com\/de\/#organization"},"potentialAction":[{"@type":"SearchAction","target":{"@type":"EntryPoint","urlTemplate":"https:\/\/bsi-ice.com\/de\/?s={search_term_string}"},"query-input":{"@type":"PropertyValueSpecification","valueRequired":true,"valueName":"search_term_string"}}],"inLanguage":"de"},{"@type":"Organization","@id":"https:\/\/bsi-ice.com\/de\/#organization","name":"Bsi Ice","url":"https:\/\/bsi-ice.com\/de\/","logo":{"@type":"ImageObject","inLanguage":"de","@id":"https:\/\/bsi-ice.com\/de\/#\/schema\/logo\/image\/","url":"https:\/\/bsi-ice.com\/wp-content\/uploads\/2019\/08\/Logo-Bsi-ice-VF-1.png","contentUrl":"https:\/\/bsi-ice.com\/wp-content\/uploads\/2019\/08\/Logo-Bsi-ice-VF-1.png","width":643,"height":138,"caption":"Bsi Ice"},"image":{"@id":"https:\/\/bsi-ice.com\/de\/#\/schema\/logo\/image\/"},"sameAs":["https:\/\/www.linkedin.com\/company\/11209666"]}]}},"_links":{"self":[{"href":"https:\/\/bsi-ice.com\/de\/wp-json\/wp\/v2\/product\/9860","targetHints":{"allow":["GET"]}}],"collection":[{"href":"https:\/\/bsi-ice.com\/de\/wp-json\/wp\/v2\/product"}],"about":[{"href":"https:\/\/bsi-ice.com\/de\/wp-json\/wp\/v2\/types\/product"}],"wp:featuredmedia":[{"embeddable":true,"href":"https:\/\/bsi-ice.com\/de\/wp-json\/wp\/v2\/media\/9212"}],"wp:attachment":[{"href":"https:\/\/bsi-ice.com\/de\/wp-json\/wp\/v2\/media?parent=9860"}],"wp:term":[{"taxonomy":"product_brand","embeddable":true,"href":"https:\/\/bsi-ice.com\/de\/wp-json\/wp\/v2\/product_brand?post=9860"},{"taxonomy":"product_cat","embeddable":true,"href":"https:\/\/bsi-ice.com\/de\/wp-json\/wp\/v2\/product_cat?post=9860"},{"taxonomy":"product_tag","embeddable":true,"href":"https:\/\/bsi-ice.com\/de\/wp-json\/wp\/v2\/product_tag?post=9860"}],"curies":[{"name":"wp","href":"https:\/\/api.w.org\/{rel}","templated":true}]}}