{"id":9847,"date":"2020-02-03T15:44:41","date_gmt":"2020-02-03T14:44:41","guid":{"rendered":"https:\/\/bsi-ice.com\/product\/schaufel-1l-fuer-trockeneis\/"},"modified":"2025-10-23T07:38:58","modified_gmt":"2025-10-23T05:38:58","slug":"schaufel-1l-trockeneis","status":"publish","type":"product","link":"https:\/\/bsi-ice.com\/de\/produkt\/schaufel-1l-trockeneis\/","title":{"rendered":"Schaufel 1L f\u00fcr Trockeneis"},"content":{"rendered":"<p>1L-Schaufel, ideal f\u00fcr pr\u00e4zises Arbeiten mit Trockeneis. Mit Schaberr\u00e4ndern f\u00fcr einfaches Aufnehmen.<\/p>\n","protected":false},"excerpt":{"rendered":"<p>K\u00e4ltebest\u00e4ndige Schaufel, ideal f\u00fcr den Umgang mit Trockeneis. Seine Schaberkanten erleichtern das verlustfreie Aufnehmen von Eis.<\/p>\n<p>Zubeh\u00f6r erfordert eine individuelle Sch\u00e4tzung der Transportkosten. F\u00fcr eine Lieferung fordern Sie bitte ein Angebot an. Die Abholung im Gesch\u00e4ft ist weiterhin m\u00f6glich.<\/p>\n","protected":false},"featured_media":9226,"template":"","meta":{"_eb_attr":"","_monsterinsights_skip_tracking":false,"_monsterinsights_sitenote_active":false,"_monsterinsights_sitenote_note":"","_monsterinsights_sitenote_category":0,"ocean_post_layout":"","ocean_both_sidebars_style":"","ocean_both_sidebars_content_width":0,"ocean_both_sidebars_sidebars_width":0,"ocean_sidebar":"0","ocean_second_sidebar":"0","ocean_disable_margins":"enable","ocean_add_body_class":"","ocean_shortcode_before_top_bar":"","ocean_shortcode_after_top_bar":"","ocean_shortcode_before_header":"","ocean_shortcode_after_header":"","ocean_has_shortcode":"","ocean_shortcode_after_title":"","ocean_shortcode_before_footer_widgets":"","ocean_shortcode_after_footer_widgets":"","ocean_shortcode_before_footer_bottom":"","ocean_shortcode_after_footer_bottom":"","ocean_display_top_bar":"default","ocean_display_header":"default","ocean_header_style":"","ocean_center_header_left_menu":"0","ocean_custom_header_template":"0","ocean_custom_logo":0,"ocean_custom_retina_logo":0,"ocean_custom_logo_max_width":0,"ocean_custom_logo_tablet_max_width":0,"ocean_custom_logo_mobile_max_width":0,"ocean_custom_logo_max_height":0,"ocean_custom_logo_tablet_max_height":0,"ocean_custom_logo_mobile_max_height":0,"ocean_header_custom_menu":"0","ocean_menu_typo_font_family":"0","ocean_menu_typo_font_subset":"","ocean_menu_typo_font_size":0,"ocean_menu_typo_font_size_tablet":0,"ocean_menu_typo_font_size_mobile":0,"ocean_menu_typo_font_size_unit":"px","ocean_menu_typo_font_weight":"","ocean_menu_typo_font_weight_tablet":"","ocean_menu_typo_font_weight_mobile":"","ocean_menu_typo_transform":"","ocean_menu_typo_transform_tablet":"","ocean_menu_typo_transform_mobile":"","ocean_menu_typo_line_height":0,"ocean_menu_typo_line_height_tablet":0,"ocean_menu_typo_line_height_mobile":0,"ocean_menu_typo_line_height_unit":"","ocean_menu_typo_spacing":0,"ocean_menu_typo_spacing_tablet":0,"ocean_menu_typo_spacing_mobile":0,"ocean_menu_typo_spacing_unit":"","ocean_menu_link_color":"","ocean_menu_link_color_hover":"","ocean_menu_link_color_active":"","ocean_menu_link_background":"","ocean_menu_link_hover_background":"","ocean_menu_link_active_background":"","ocean_menu_social_links_bg":"","ocean_menu_social_hover_links_bg":"","ocean_menu_social_links_color":"","ocean_menu_social_hover_links_color":"","ocean_disable_title":"default","ocean_disable_heading":"default","ocean_post_title":"","ocean_post_subheading":"","ocean_post_title_style":"","ocean_post_title_background_color":"","ocean_post_title_background":0,"ocean_post_title_bg_image_position":"","ocean_post_title_bg_image_attachment":"","ocean_post_title_bg_image_repeat":"","ocean_post_title_bg_image_size":"","ocean_post_title_height":0,"ocean_post_title_bg_overlay":0.5,"ocean_post_title_bg_overlay_color":"","ocean_disable_breadcrumbs":"default","ocean_breadcrumbs_color":"","ocean_breadcrumbs_separator_color":"","ocean_breadcrumbs_links_color":"","ocean_breadcrumbs_links_hover_color":"","ocean_display_footer_widgets":"default","ocean_display_footer_bottom":"default","ocean_custom_footer_template":"0"},"product_brand":[],"product_cat":[94,89,127,131,88,113,129,91],"product_tag":[],"class_list":{"0":"post-9847","1":"product","2":"type-product","3":"status-publish","4":"has-post-thumbnail","6":"product_cat-ausgewahlte-produkte-2","7":"product_cat-events","8":"product_cat-konservierung","9":"product_cat-kuehlung","10":"product_cat-nebel-rauch-effekt","11":"product_cat-transport-de","12":"product_cat-trockeneis-strahlen","13":"product_cat-zubehoer","15":"entry","16":"has-media","18":"first","19":"instock","20":"featured","21":"taxable","22":"shipping-taxable","23":"purchasable","24":"product-type-simple","25":"col","26":"span_1_of_3","27":"owp-content-center","28":"owp-thumbs-layout-horizontal","29":"owp-btn-very-big","30":"owp-tabs-layout-horizontal","31":"has-no-thumbnails"},"yoast_head":"<!-- This site is optimized with the Yoast SEO plugin v26.4 - https:\/\/yoast.com\/wordpress\/plugins\/seo\/ -->\n<title>Schaufel 1L f\u00fcr Trockeneis - BSI Ice<\/title>\n<meta name=\"robots\" content=\"index, follow, max-snippet:-1, max-image-preview:large, max-video-preview:-1\" \/>\n<link rel=\"canonical\" href=\"https:\/\/bsi-ice.com\/de\/produkt\/schaufel-1l-trockeneis\/\" \/>\n<meta property=\"og:locale\" content=\"de_DE\" \/>\n<meta property=\"og:type\" content=\"article\" \/>\n<meta property=\"og:title\" content=\"Schaufel 1L f\u00fcr Trockeneis - BSI Ice\" \/>\n<meta property=\"og:description\" content=\"K\u00e4ltebest\u00e4ndige Schaufel, ideal f\u00fcr den Umgang mit Trockeneis. Seine Schaberkanten erleichtern das verlustfreie Aufnehmen von Eis. Zubeh\u00f6r erfordert eine individuelle Sch\u00e4tzung der Transportkosten. F\u00fcr eine Lieferung fordern Sie bitte ein Angebot an. Die Abholung im Gesch\u00e4ft ist weiterhin m\u00f6glich.\" \/>\n<meta property=\"og:url\" content=\"https:\/\/bsi-ice.com\/de\/produkt\/schaufel-1l-trockeneis\/\" \/>\n<meta property=\"og:site_name\" content=\"BSI Ice\" \/>\n<meta property=\"article:modified_time\" content=\"2025-10-23T05:38:58+00:00\" \/>\n<meta property=\"og:image\" content=\"https:\/\/bsi-ice.com\/wp-content\/uploads\/2020\/02\/pelle.png\" \/>\n\t<meta property=\"og:image:width\" content=\"362\" \/>\n\t<meta property=\"og:image:height\" content=\"312\" \/>\n\t<meta property=\"og:image:type\" content=\"image\/png\" \/>\n<meta name=\"twitter:card\" content=\"summary_large_image\" \/>\n<script type=\"application\/ld+json\" class=\"yoast-schema-graph\">{\"@context\":\"https:\/\/schema.org\",\"@graph\":[{\"@type\":\"WebPage\",\"@id\":\"https:\/\/bsi-ice.com\/de\/produkt\/schaufel-1l-trockeneis\/\",\"url\":\"https:\/\/bsi-ice.com\/de\/produkt\/schaufel-1l-trockeneis\/\",\"name\":\"Schaufel 1L f\u00fcr Trockeneis - BSI Ice\",\"isPartOf\":{\"@id\":\"https:\/\/bsi-ice.com\/de\/#website\"},\"primaryImageOfPage\":{\"@id\":\"https:\/\/bsi-ice.com\/de\/produkt\/schaufel-1l-trockeneis\/#primaryimage\"},\"image\":{\"@id\":\"https:\/\/bsi-ice.com\/de\/produkt\/schaufel-1l-trockeneis\/#primaryimage\"},\"thumbnailUrl\":\"https:\/\/bsi-ice.com\/wp-content\/uploads\/2020\/02\/pelle.png\",\"datePublished\":\"2020-02-03T14:44:41+00:00\",\"dateModified\":\"2025-10-23T05:38:58+00:00\",\"breadcrumb\":{\"@id\":\"https:\/\/bsi-ice.com\/de\/produkt\/schaufel-1l-trockeneis\/#breadcrumb\"},\"inLanguage\":\"de\",\"potentialAction\":[{\"@type\":\"ReadAction\",\"target\":[\"https:\/\/bsi-ice.com\/de\/produkt\/schaufel-1l-trockeneis\/\"]}]},{\"@type\":\"ImageObject\",\"inLanguage\":\"de\",\"@id\":\"https:\/\/bsi-ice.com\/de\/produkt\/schaufel-1l-trockeneis\/#primaryimage\",\"url\":\"https:\/\/bsi-ice.com\/wp-content\/uploads\/2020\/02\/pelle.png\",\"contentUrl\":\"https:\/\/bsi-ice.com\/wp-content\/uploads\/2020\/02\/pelle.png\",\"width\":362,\"height\":312,\"caption\":\"Trockeneis-Schaufel\"},{\"@type\":\"BreadcrumbList\",\"@id\":\"https:\/\/bsi-ice.com\/de\/produkt\/schaufel-1l-trockeneis\/#breadcrumb\",\"itemListElement\":[{\"@type\":\"ListItem\",\"position\":1,\"name\":\"Accueil\",\"item\":\"https:\/\/bsi-ice.com\/de\/start\/\"},{\"@type\":\"ListItem\",\"position\":2,\"name\":\"Shop\",\"item\":\"https:\/\/bsi-ice.com\/de\/shop-2\/\"},{\"@type\":\"ListItem\",\"position\":3,\"name\":\"Schaufel 1L f\u00fcr Trockeneis\"}]},{\"@type\":\"WebSite\",\"@id\":\"https:\/\/bsi-ice.com\/de\/#website\",\"url\":\"https:\/\/bsi-ice.com\/de\/\",\"name\":\"Bsi Ice\",\"description\":\"Glace carbonique de premi\u00e8re qualit\u00e9\",\"publisher\":{\"@id\":\"https:\/\/bsi-ice.com\/de\/#organization\"},\"potentialAction\":[{\"@type\":\"SearchAction\",\"target\":{\"@type\":\"EntryPoint\",\"urlTemplate\":\"https:\/\/bsi-ice.com\/de\/?s={search_term_string}\"},\"query-input\":{\"@type\":\"PropertyValueSpecification\",\"valueRequired\":true,\"valueName\":\"search_term_string\"}}],\"inLanguage\":\"de\"},{\"@type\":\"Organization\",\"@id\":\"https:\/\/bsi-ice.com\/de\/#organization\",\"name\":\"Bsi Ice\",\"url\":\"https:\/\/bsi-ice.com\/de\/\",\"logo\":{\"@type\":\"ImageObject\",\"inLanguage\":\"de\",\"@id\":\"https:\/\/bsi-ice.com\/de\/#\/schema\/logo\/image\/\",\"url\":\"https:\/\/bsi-ice.com\/wp-content\/uploads\/2019\/08\/Logo-Bsi-ice-VF-1.png\",\"contentUrl\":\"https:\/\/bsi-ice.com\/wp-content\/uploads\/2019\/08\/Logo-Bsi-ice-VF-1.png\",\"width\":643,\"height\":138,\"caption\":\"Bsi Ice\"},\"image\":{\"@id\":\"https:\/\/bsi-ice.com\/de\/#\/schema\/logo\/image\/\"},\"sameAs\":[\"https:\/\/www.linkedin.com\/company\/11209666\"]}]}<\/script>\n<!-- \/ Yoast SEO plugin. -->","yoast_head_json":{"title":"Schaufel 1L f\u00fcr Trockeneis - BSI Ice","robots":{"index":"index","follow":"follow","max-snippet":"max-snippet:-1","max-image-preview":"max-image-preview:large","max-video-preview":"max-video-preview:-1"},"canonical":"https:\/\/bsi-ice.com\/de\/produkt\/schaufel-1l-trockeneis\/","og_locale":"de_DE","og_type":"article","og_title":"Schaufel 1L f\u00fcr Trockeneis - BSI Ice","og_description":"K\u00e4ltebest\u00e4ndige Schaufel, ideal f\u00fcr den Umgang mit Trockeneis. Seine Schaberkanten erleichtern das verlustfreie Aufnehmen von Eis. Zubeh\u00f6r erfordert eine individuelle Sch\u00e4tzung der Transportkosten. F\u00fcr eine Lieferung fordern Sie bitte ein Angebot an. Die Abholung im Gesch\u00e4ft ist weiterhin m\u00f6glich.","og_url":"https:\/\/bsi-ice.com\/de\/produkt\/schaufel-1l-trockeneis\/","og_site_name":"BSI Ice","article_modified_time":"2025-10-23T05:38:58+00:00","og_image":[{"width":362,"height":312,"url":"https:\/\/bsi-ice.com\/wp-content\/uploads\/2020\/02\/pelle.png","type":"image\/png"}],"twitter_card":"summary_large_image","schema":{"@context":"https:\/\/schema.org","@graph":[{"@type":"WebPage","@id":"https:\/\/bsi-ice.com\/de\/produkt\/schaufel-1l-trockeneis\/","url":"https:\/\/bsi-ice.com\/de\/produkt\/schaufel-1l-trockeneis\/","name":"Schaufel 1L f\u00fcr Trockeneis - BSI Ice","isPartOf":{"@id":"https:\/\/bsi-ice.com\/de\/#website"},"primaryImageOfPage":{"@id":"https:\/\/bsi-ice.com\/de\/produkt\/schaufel-1l-trockeneis\/#primaryimage"},"image":{"@id":"https:\/\/bsi-ice.com\/de\/produkt\/schaufel-1l-trockeneis\/#primaryimage"},"thumbnailUrl":"https:\/\/bsi-ice.com\/wp-content\/uploads\/2020\/02\/pelle.png","datePublished":"2020-02-03T14:44:41+00:00","dateModified":"2025-10-23T05:38:58+00:00","breadcrumb":{"@id":"https:\/\/bsi-ice.com\/de\/produkt\/schaufel-1l-trockeneis\/#breadcrumb"},"inLanguage":"de","potentialAction":[{"@type":"ReadAction","target":["https:\/\/bsi-ice.com\/de\/produkt\/schaufel-1l-trockeneis\/"]}]},{"@type":"ImageObject","inLanguage":"de","@id":"https:\/\/bsi-ice.com\/de\/produkt\/schaufel-1l-trockeneis\/#primaryimage","url":"https:\/\/bsi-ice.com\/wp-content\/uploads\/2020\/02\/pelle.png","contentUrl":"https:\/\/bsi-ice.com\/wp-content\/uploads\/2020\/02\/pelle.png","width":362,"height":312,"caption":"Trockeneis-Schaufel"},{"@type":"BreadcrumbList","@id":"https:\/\/bsi-ice.com\/de\/produkt\/schaufel-1l-trockeneis\/#breadcrumb","itemListElement":[{"@type":"ListItem","position":1,"name":"Accueil","item":"https:\/\/bsi-ice.com\/de\/start\/"},{"@type":"ListItem","position":2,"name":"Shop","item":"https:\/\/bsi-ice.com\/de\/shop-2\/"},{"@type":"ListItem","position":3,"name":"Schaufel 1L f\u00fcr Trockeneis"}]},{"@type":"WebSite","@id":"https:\/\/bsi-ice.com\/de\/#website","url":"https:\/\/bsi-ice.com\/de\/","name":"Bsi Ice","description":"Glace carbonique de premi\u00e8re qualit\u00e9","publisher":{"@id":"https:\/\/bsi-ice.com\/de\/#organization"},"potentialAction":[{"@type":"SearchAction","target":{"@type":"EntryPoint","urlTemplate":"https:\/\/bsi-ice.com\/de\/?s={search_term_string}"},"query-input":{"@type":"PropertyValueSpecification","valueRequired":true,"valueName":"search_term_string"}}],"inLanguage":"de"},{"@type":"Organization","@id":"https:\/\/bsi-ice.com\/de\/#organization","name":"Bsi Ice","url":"https:\/\/bsi-ice.com\/de\/","logo":{"@type":"ImageObject","inLanguage":"de","@id":"https:\/\/bsi-ice.com\/de\/#\/schema\/logo\/image\/","url":"https:\/\/bsi-ice.com\/wp-content\/uploads\/2019\/08\/Logo-Bsi-ice-VF-1.png","contentUrl":"https:\/\/bsi-ice.com\/wp-content\/uploads\/2019\/08\/Logo-Bsi-ice-VF-1.png","width":643,"height":138,"caption":"Bsi Ice"},"image":{"@id":"https:\/\/bsi-ice.com\/de\/#\/schema\/logo\/image\/"},"sameAs":["https:\/\/www.linkedin.com\/company\/11209666"]}]}},"_links":{"self":[{"href":"https:\/\/bsi-ice.com\/de\/wp-json\/wp\/v2\/product\/9847","targetHints":{"allow":["GET"]}}],"collection":[{"href":"https:\/\/bsi-ice.com\/de\/wp-json\/wp\/v2\/product"}],"about":[{"href":"https:\/\/bsi-ice.com\/de\/wp-json\/wp\/v2\/types\/product"}],"wp:featuredmedia":[{"embeddable":true,"href":"https:\/\/bsi-ice.com\/de\/wp-json\/wp\/v2\/media\/9226"}],"wp:attachment":[{"href":"https:\/\/bsi-ice.com\/de\/wp-json\/wp\/v2\/media?parent=9847"}],"wp:term":[{"taxonomy":"product_brand","embeddable":true,"href":"https:\/\/bsi-ice.com\/de\/wp-json\/wp\/v2\/product_brand?post=9847"},{"taxonomy":"product_cat","embeddable":true,"href":"https:\/\/bsi-ice.com\/de\/wp-json\/wp\/v2\/product_cat?post=9847"},{"taxonomy":"product_tag","embeddable":true,"href":"https:\/\/bsi-ice.com\/de\/wp-json\/wp\/v2\/product_tag?post=9847"}],"curies":[{"name":"wp","href":"https:\/\/api.w.org\/{rel}","templated":true}]}}