{"id":9491,"date":"2021-01-28T14:46:35","date_gmt":"2021-01-28T13:46:35","guid":{"rendered":"https:\/\/bsi-ice.com\/spezifische-anfrage\/"},"modified":"2021-01-28T14:47:04","modified_gmt":"2021-01-28T13:47:04","slug":"spezifische-anfrage","status":"publish","type":"page","link":"https:\/\/bsi-ice.com\/de\/spezifische-anfrage\/","title":{"rendered":"Spezifische Anfrage"},"content":{"rendered":"\t\t<div data-elementor-type=\"wp-post\" data-elementor-id=\"9491\" class=\"elementor elementor-9491 elementor-20\">\n\t\t\t\t\t\t<section class=\"elementor-section elementor-top-section elementor-element elementor-element-da267c4 elementor-section-boxed elementor-section-height-default elementor-section-height-default\" data-id=\"da267c4\" data-element_type=\"section\">\n\t\t\t\t\t\t<div class=\"elementor-container elementor-column-gap-default\">\n\t\t\t\t\t<div class=\"elementor-column elementor-col-100 elementor-top-column elementor-element elementor-element-4ee4ece\" data-id=\"4ee4ece\" data-element_type=\"column\">\n\t\t\t<div class=\"elementor-widget-wrap elementor-element-populated\">\n\t\t\t\t\t\t<div class=\"elementor-element elementor-element-4958f84 premium-atext__switch elementor-widget elementor-widget-premium-addon-fancy-text\" data-id=\"4958f84\" data-element_type=\"widget\" data-widget_type=\"premium-addon-fancy-text.default\">\n\t\t\t\t<div class=\"elementor-widget-container\">\n\t\t\t\t\t\t\t<div class=\"premium-atext__wrapper premium-atext__typing \" data-start-effect=\"page_load\" data-settings=\"{&quot;effect&quot;:&quot;typing&quot;,&quot;strings&quot;:[&quot;Spezifisch&quot;,&quot;Personalisiert &quot;,&quot;ma\\u00dfgeschneidert&quot;],&quot;typeSpeed&quot;:50,&quot;backSpeed&quot;:50,&quot;startDelay&quot;:50,&quot;backDelay&quot;:50,&quot;showCursor&quot;:true,&quot;loop&quot;:true,&quot;loading&quot;:false,&quot;style&quot;:&quot;switch&quot;}\">\n\n\t\t\t<h3 class=\"premium-atext__headline\">\n\t\t\t\t\t\t\t<span class=\"premium-prefix-text\">\n\t\t\t\t\t<span >Anfrage<\/span>\n\t\t\t\t<\/span>\n\t\t\t\n\t\t\t\t\t\t<span class=\"premium-atext__text\"><\/span>\n\t\t\n\t\t\t\n\t\t\t\n\t\t\t<\/h3>\n\t\t<\/div>\n\t\t\t\t\t\t<\/div>\n\t\t\t\t<\/div>\n\t\t\t\t\t<\/div>\n\t\t<\/div>\n\t\t\t\t\t<\/div>\n\t\t<\/section>\n\t\t\t\t<section class=\"elementor-section elementor-top-section elementor-element elementor-element-849867e elementor-section-stretched elementor-section-height-min-height elementor-section-content-top elementor-section-boxed elementor-section-height-default elementor-section-items-middle\" data-id=\"849867e\" data-element_type=\"section\" data-settings=\"{&quot;stretch_section&quot;:&quot;section-stretched&quot;,&quot;background_background&quot;:&quot;classic&quot;}\">\n\t\t\t\t\t\t<div class=\"elementor-container elementor-column-gap-default\">\n\t\t\t\t\t<div class=\"elementor-column elementor-col-100 elementor-top-column elementor-element elementor-element-c051247\" data-id=\"c051247\" data-element_type=\"column\" data-settings=\"{&quot;background_background&quot;:&quot;classic&quot;}\">\n\t\t\t<div class=\"elementor-widget-wrap elementor-element-populated\">\n\t\t\t\t\t\t<div class=\"elementor-element elementor-element-1b0512b eael-contact-form-7-button-full-width elementor-widget elementor-widget-eael-contact-form-7\" data-id=\"1b0512b\" data-element_type=\"widget\" data-widget_type=\"eael-contact-form-7.default\">\n\t\t\t\t<div class=\"elementor-widget-container\">\n\t\t\t\t\t<div class=\"eael-contact-form-7-wrapper\">\n                <div class=\"eael-contact-form eael-contact-form-7 eael-contact-form-1b0512b placeholder-show eael-custom-radio-checkbox eael-contact-form-align-center\">\n<div class=\"wpcf7 no-js\" id=\"wpcf7-f9250-o1\" lang=\"de-DE\" dir=\"ltr\" data-wpcf7-id=\"9250\">\n<div class=\"screen-reader-response\"><p role=\"status\" aria-live=\"polite\" aria-atomic=\"true\"><\/p> <ul><\/ul><\/div>\n<form action=\"\/de\/wp-json\/wp\/v2\/pages\/9491#wpcf7-f9250-o1\" method=\"post\" class=\"wpcf7-form init\" aria-label=\"Kontaktformular\" enctype=\"multipart\/form-data\" novalidate=\"novalidate\" data-status=\"init\">\n<fieldset class=\"hidden-fields-container\"><input type=\"hidden\" name=\"_wpcf7\" value=\"9250\" \/><input type=\"hidden\" name=\"_wpcf7_version\" value=\"6.1.3\" \/><input type=\"hidden\" name=\"_wpcf7_locale\" value=\"de_DE\" \/><input type=\"hidden\" name=\"_wpcf7_unit_tag\" value=\"wpcf7-f9250-o1\" \/><input type=\"hidden\" name=\"_wpcf7_container_post\" value=\"0\" \/><input type=\"hidden\" name=\"_wpcf7_posted_data_hash\" value=\"\" \/>\n<\/fieldset>\n<div class=\"wpcf7-turnstile cf-turnstile\" data-sitekey=\"0x4AAAAAACC9EsZ7j08gRp0B\" data-response-field-name=\"_wpcf7_turnstile_response\"><\/div>\n\n<p>Sie sind: <span class=\"wpcf7-form-control-wrap\" data-name=\"radio-59\"><span class=\"wpcf7-form-control wpcf7-radio\"><span class=\"wpcf7-list-item first\"><label><input type=\"radio\" name=\"radio-59\" value=\"Particulier\" \/><span class=\"wpcf7-list-item-label\">Particulier<\/span><\/label><\/span><span class=\"wpcf7-list-item last\"><label><input type=\"radio\" name=\"radio-59\" value=\"Professionnel\" \/><span class=\"wpcf7-list-item-label\">Professionnel<\/span><\/label><\/span><\/span><\/span>\n<\/p>\n<p><label>Branche: <span class=\"wpcf7-form-control-wrap\" data-name=\"Secteurdactivite\"><input size=\"40\" maxlength=\"400\" class=\"wpcf7-form-control wpcf7-text wpcf7-validates-as-required\" aria-required=\"true\" aria-invalid=\"false\" value=\"\" type=\"text\" name=\"Secteurdactivite\" \/><\/span><\/label><br \/>\n<label> Name der Organisation <span class=\"wpcf7-form-control-wrap\" data-name=\"nomdelentreprise\"><input size=\"40\" maxlength=\"400\" class=\"wpcf7-form-control wpcf7-text wpcf7-validates-as-required\" aria-required=\"true\" aria-invalid=\"false\" value=\"\" type=\"text\" name=\"nomdelentreprise\" \/><\/span> <\/label><br \/>\n<label> Name & Vorname<br \/>\n<span class=\"wpcf7-form-control-wrap\" data-name=\"yourname\"><input size=\"40\" maxlength=\"400\" class=\"wpcf7-form-control wpcf7-text wpcf7-validates-as-required\" aria-required=\"true\" aria-invalid=\"false\" value=\"\" type=\"text\" name=\"yourname\" \/><\/span> <\/label><br \/>\n<label> Email-Adresse<br \/>\n<span class=\"wpcf7-form-control-wrap\" data-name=\"your-email\"><input size=\"40\" maxlength=\"400\" class=\"wpcf7-form-control wpcf7-email wpcf7-validates-as-required wpcf7-text wpcf7-validates-as-email\" aria-required=\"true\" aria-invalid=\"false\" value=\"\" type=\"email\" name=\"your-email\" \/><\/span> <\/label><br \/>\n<label> Telefonnummer <span class=\"wpcf7-form-control-wrap\" data-name=\"tel-253\"><input size=\"40\" maxlength=\"400\" class=\"wpcf7-form-control wpcf7-tel wpcf7-validates-as-required wpcf7-text wpcf7-validates-as-tel\" aria-required=\"true\" aria-invalid=\"false\" value=\"\" type=\"tel\" name=\"tel-253\" \/><\/span> <\/label>\n<\/p>\n<p><label> Betreff<br \/>\n<span class=\"wpcf7-form-control-wrap\" data-name=\"your-subject\"><input size=\"40\" maxlength=\"400\" class=\"wpcf7-form-control wpcf7-text wpcf7-validates-as-required\" aria-required=\"true\" aria-invalid=\"false\" value=\"\" type=\"text\" name=\"your-subject\" \/><\/span> <\/label>\n<\/p>\n<p><label> Bitte erl\u00e4utern Sie uns Ihr Anliegen<br \/>\n<span class=\"wpcf7-form-control-wrap\" data-name=\"your-message\"><textarea cols=\"40\" rows=\"10\" maxlength=\"2000\" class=\"wpcf7-form-control wpcf7-textarea wpcf7-validates-as-required\" aria-required=\"true\" aria-invalid=\"false\" name=\"your-message\"><\/textarea><\/span> <\/label><br \/>\n<label> Datei anh\u00e4ngen <span class=\"wpcf7-form-control-wrap\" data-name=\"file-53\"><input size=\"40\" class=\"wpcf7-form-control wpcf7-file\" accept=\"audio\/*,video\/*,image\/*\" aria-invalid=\"false\" type=\"file\" name=\"file-53\" \/><\/span> <\/label>\n<\/p>\n<p><input class=\"wpcf7-form-control wpcf7-submit has-spinner\" type=\"submit\" value=\"Envoyer\" \/>\n<\/p><div class=\"wpcf7-response-output\" aria-hidden=\"true\"><\/div>\n<\/form>\n<\/div>\n<\/div>\n            <\/div>\t\t\t\t<\/div>\n\t\t\t\t<\/div>\n\t\t\t\t\t<\/div>\n\t\t<\/div>\n\t\t\t\t\t<\/div>\n\t\t<\/section>\n\t\t\t\t<\/div>\n\t\t","protected":false},"excerpt":{"rendered":"<p>Anfrage Vous \u00eates : ParticulierProfessionnel Secteur d&#8217;activit\u00e9 Nom de l&#8217;entreprise Nom &#038; Pr\u00e9nom Adresse e-mail Num\u00e9ro de t\u00e9l\u00e9phone Objet Expliquez nous votre demande Joindre un fichier<\/p>\n","protected":false},"author":1,"featured_media":0,"parent":0,"menu_order":0,"comment_status":"closed","ping_status":"closed","template":"","meta":{"_eb_attr":"","_monsterinsights_skip_tracking":false,"_monsterinsights_sitenote_active":false,"_monsterinsights_sitenote_note":"","_monsterinsights_sitenote_category":0,"ocean_post_layout":"","ocean_both_sidebars_style":"","ocean_both_sidebars_content_width":0,"ocean_both_sidebars_sidebars_width":0,"ocean_sidebar":"0","ocean_second_sidebar":"0","ocean_disable_margins":"enable","ocean_add_body_class":"","ocean_shortcode_before_top_bar":"","ocean_shortcode_after_top_bar":"","ocean_shortcode_before_header":"","ocean_shortcode_after_header":"","ocean_has_shortcode":"","ocean_shortcode_after_title":"","ocean_shortcode_before_footer_widgets":"","ocean_shortcode_after_footer_widgets":"","ocean_shortcode_before_footer_bottom":"","ocean_shortcode_after_footer_bottom":"","ocean_display_top_bar":"default","ocean_display_header":"default","ocean_header_style":"","ocean_center_header_left_menu":"0","ocean_custom_header_template":"0","ocean_custom_logo":0,"ocean_custom_retina_logo":0,"ocean_custom_logo_max_width":0,"ocean_custom_logo_tablet_max_width":0,"ocean_custom_logo_mobile_max_width":0,"ocean_custom_logo_max_height":0,"ocean_custom_logo_tablet_max_height":0,"ocean_custom_logo_mobile_max_height":0,"ocean_header_custom_menu":"0","ocean_menu_typo_font_family":"0","ocean_menu_typo_font_subset":"","ocean_menu_typo_font_size":0,"ocean_menu_typo_font_size_tablet":0,"ocean_menu_typo_font_size_mobile":0,"ocean_menu_typo_font_size_unit":"px","ocean_menu_typo_font_weight":"","ocean_menu_typo_font_weight_tablet":"","ocean_menu_typo_font_weight_mobile":"","ocean_menu_typo_transform":"","ocean_menu_typo_transform_tablet":"","ocean_menu_typo_transform_mobile":"","ocean_menu_typo_line_height":0,"ocean_menu_typo_line_height_tablet":0,"ocean_menu_typo_line_height_mobile":0,"ocean_menu_typo_line_height_unit":"","ocean_menu_typo_spacing":0,"ocean_menu_typo_spacing_tablet":0,"ocean_menu_typo_spacing_mobile":0,"ocean_menu_typo_spacing_unit":"","ocean_menu_link_color":"","ocean_menu_link_color_hover":"","ocean_menu_link_color_active":"","ocean_menu_link_background":"","ocean_menu_link_hover_background":"","ocean_menu_link_active_background":"","ocean_menu_social_links_bg":"","ocean_menu_social_hover_links_bg":"","ocean_menu_social_links_color":"","ocean_menu_social_hover_links_color":"","ocean_disable_title":"default","ocean_disable_heading":"default","ocean_post_title":"","ocean_post_subheading":"","ocean_post_title_style":"","ocean_post_title_background_color":"","ocean_post_title_background":0,"ocean_post_title_bg_image_position":"","ocean_post_title_bg_image_attachment":"","ocean_post_title_bg_image_repeat":"","ocean_post_title_bg_image_size":"","ocean_post_title_height":0,"ocean_post_title_bg_overlay":0.5,"ocean_post_title_bg_overlay_color":"","ocean_disable_breadcrumbs":"default","ocean_breadcrumbs_color":"","ocean_breadcrumbs_separator_color":"","ocean_breadcrumbs_links_color":"","ocean_breadcrumbs_links_hover_color":"","ocean_display_footer_widgets":"default","ocean_display_footer_bottom":"default","ocean_custom_footer_template":"0","footnotes":""},"class_list":["post-9491","page","type-page","status-publish","hentry","entry","owp-thumbs-layout-horizontal","owp-btn-very-big","owp-tabs-layout-horizontal","has-no-thumbnails"],"yoast_head":"<!-- This site is optimized with the Yoast SEO plugin v26.4 - https:\/\/yoast.com\/wordpress\/plugins\/seo\/ -->\n<title>Spezifische Anfrage - BSI Ice<\/title>\n<meta name=\"robots\" content=\"index, follow, max-snippet:-1, max-image-preview:large, max-video-preview:-1\" \/>\n<link rel=\"canonical\" href=\"https:\/\/bsi-ice.com\/de\/spezifische-anfrage\/\" \/>\n<meta property=\"og:locale\" content=\"de_DE\" \/>\n<meta property=\"og:type\" content=\"article\" \/>\n<meta property=\"og:title\" content=\"Spezifische Anfrage - BSI Ice\" \/>\n<meta property=\"og:description\" content=\"Anfrage Vous \u00eates : ParticulierProfessionnel Secteur d&#8217;activit\u00e9 Nom de l&#8217;entreprise Nom &#038; Pr\u00e9nom Adresse e-mail Num\u00e9ro de t\u00e9l\u00e9phone Objet Expliquez nous votre demande Joindre un fichier\" \/>\n<meta property=\"og:url\" content=\"https:\/\/bsi-ice.com\/de\/spezifische-anfrage\/\" \/>\n<meta property=\"og:site_name\" content=\"BSI Ice\" \/>\n<meta property=\"article:modified_time\" content=\"2021-01-28T13:47:04+00:00\" \/>\n<meta name=\"twitter:card\" content=\"summary_large_image\" \/>\n<script type=\"application\/ld+json\" class=\"yoast-schema-graph\">{\"@context\":\"https:\/\/schema.org\",\"@graph\":[{\"@type\":\"WebPage\",\"@id\":\"https:\/\/bsi-ice.com\/de\/spezifische-anfrage\/\",\"url\":\"https:\/\/bsi-ice.com\/de\/spezifische-anfrage\/\",\"name\":\"Spezifische Anfrage - BSI Ice\",\"isPartOf\":{\"@id\":\"https:\/\/bsi-ice.com\/de\/#website\"},\"datePublished\":\"2021-01-28T13:46:35+00:00\",\"dateModified\":\"2021-01-28T13:47:04+00:00\",\"breadcrumb\":{\"@id\":\"https:\/\/bsi-ice.com\/de\/spezifische-anfrage\/#breadcrumb\"},\"inLanguage\":\"de\",\"potentialAction\":[{\"@type\":\"ReadAction\",\"target\":[\"https:\/\/bsi-ice.com\/de\/spezifische-anfrage\/\"]}]},{\"@type\":\"BreadcrumbList\",\"@id\":\"https:\/\/bsi-ice.com\/de\/spezifische-anfrage\/#breadcrumb\",\"itemListElement\":[{\"@type\":\"ListItem\",\"position\":1,\"name\":\"Accueil\",\"item\":\"https:\/\/bsi-ice.com\/de\/start\/\"},{\"@type\":\"ListItem\",\"position\":2,\"name\":\"Spezifische Anfrage\"}]},{\"@type\":\"WebSite\",\"@id\":\"https:\/\/bsi-ice.com\/de\/#website\",\"url\":\"https:\/\/bsi-ice.com\/de\/\",\"name\":\"Bsi Ice\",\"description\":\"Glace carbonique de premi\u00e8re qualit\u00e9\",\"publisher\":{\"@id\":\"https:\/\/bsi-ice.com\/de\/#organization\"},\"potentialAction\":[{\"@type\":\"SearchAction\",\"target\":{\"@type\":\"EntryPoint\",\"urlTemplate\":\"https:\/\/bsi-ice.com\/de\/?s={search_term_string}\"},\"query-input\":{\"@type\":\"PropertyValueSpecification\",\"valueRequired\":true,\"valueName\":\"search_term_string\"}}],\"inLanguage\":\"de\"},{\"@type\":\"Organization\",\"@id\":\"https:\/\/bsi-ice.com\/de\/#organization\",\"name\":\"Bsi Ice\",\"url\":\"https:\/\/bsi-ice.com\/de\/\",\"logo\":{\"@type\":\"ImageObject\",\"inLanguage\":\"de\",\"@id\":\"https:\/\/bsi-ice.com\/de\/#\/schema\/logo\/image\/\",\"url\":\"https:\/\/bsi-ice.com\/wp-content\/uploads\/2019\/08\/Logo-Bsi-ice-VF-1.png\",\"contentUrl\":\"https:\/\/bsi-ice.com\/wp-content\/uploads\/2019\/08\/Logo-Bsi-ice-VF-1.png\",\"width\":643,\"height\":138,\"caption\":\"Bsi Ice\"},\"image\":{\"@id\":\"https:\/\/bsi-ice.com\/de\/#\/schema\/logo\/image\/\"},\"sameAs\":[\"https:\/\/www.linkedin.com\/company\/11209666\"]}]}<\/script>\n<!-- \/ Yoast SEO plugin. -->","yoast_head_json":{"title":"Spezifische Anfrage - BSI Ice","robots":{"index":"index","follow":"follow","max-snippet":"max-snippet:-1","max-image-preview":"max-image-preview:large","max-video-preview":"max-video-preview:-1"},"canonical":"https:\/\/bsi-ice.com\/de\/spezifische-anfrage\/","og_locale":"de_DE","og_type":"article","og_title":"Spezifische Anfrage - BSI Ice","og_description":"Anfrage Vous \u00eates : ParticulierProfessionnel Secteur d&#8217;activit\u00e9 Nom de l&#8217;entreprise Nom &#038; Pr\u00e9nom Adresse e-mail Num\u00e9ro de t\u00e9l\u00e9phone Objet Expliquez nous votre demande Joindre un fichier","og_url":"https:\/\/bsi-ice.com\/de\/spezifische-anfrage\/","og_site_name":"BSI Ice","article_modified_time":"2021-01-28T13:47:04+00:00","twitter_card":"summary_large_image","schema":{"@context":"https:\/\/schema.org","@graph":[{"@type":"WebPage","@id":"https:\/\/bsi-ice.com\/de\/spezifische-anfrage\/","url":"https:\/\/bsi-ice.com\/de\/spezifische-anfrage\/","name":"Spezifische Anfrage - BSI Ice","isPartOf":{"@id":"https:\/\/bsi-ice.com\/de\/#website"},"datePublished":"2021-01-28T13:46:35+00:00","dateModified":"2021-01-28T13:47:04+00:00","breadcrumb":{"@id":"https:\/\/bsi-ice.com\/de\/spezifische-anfrage\/#breadcrumb"},"inLanguage":"de","potentialAction":[{"@type":"ReadAction","target":["https:\/\/bsi-ice.com\/de\/spezifische-anfrage\/"]}]},{"@type":"BreadcrumbList","@id":"https:\/\/bsi-ice.com\/de\/spezifische-anfrage\/#breadcrumb","itemListElement":[{"@type":"ListItem","position":1,"name":"Accueil","item":"https:\/\/bsi-ice.com\/de\/start\/"},{"@type":"ListItem","position":2,"name":"Spezifische Anfrage"}]},{"@type":"WebSite","@id":"https:\/\/bsi-ice.com\/de\/#website","url":"https:\/\/bsi-ice.com\/de\/","name":"Bsi Ice","description":"Glace carbonique de premi\u00e8re qualit\u00e9","publisher":{"@id":"https:\/\/bsi-ice.com\/de\/#organization"},"potentialAction":[{"@type":"SearchAction","target":{"@type":"EntryPoint","urlTemplate":"https:\/\/bsi-ice.com\/de\/?s={search_term_string}"},"query-input":{"@type":"PropertyValueSpecification","valueRequired":true,"valueName":"search_term_string"}}],"inLanguage":"de"},{"@type":"Organization","@id":"https:\/\/bsi-ice.com\/de\/#organization","name":"Bsi Ice","url":"https:\/\/bsi-ice.com\/de\/","logo":{"@type":"ImageObject","inLanguage":"de","@id":"https:\/\/bsi-ice.com\/de\/#\/schema\/logo\/image\/","url":"https:\/\/bsi-ice.com\/wp-content\/uploads\/2019\/08\/Logo-Bsi-ice-VF-1.png","contentUrl":"https:\/\/bsi-ice.com\/wp-content\/uploads\/2019\/08\/Logo-Bsi-ice-VF-1.png","width":643,"height":138,"caption":"Bsi Ice"},"image":{"@id":"https:\/\/bsi-ice.com\/de\/#\/schema\/logo\/image\/"},"sameAs":["https:\/\/www.linkedin.com\/company\/11209666"]}]}},"_links":{"self":[{"href":"https:\/\/bsi-ice.com\/de\/wp-json\/wp\/v2\/pages\/9491","targetHints":{"allow":["GET"]}}],"collection":[{"href":"https:\/\/bsi-ice.com\/de\/wp-json\/wp\/v2\/pages"}],"about":[{"href":"https:\/\/bsi-ice.com\/de\/wp-json\/wp\/v2\/types\/page"}],"author":[{"embeddable":true,"href":"https:\/\/bsi-ice.com\/de\/wp-json\/wp\/v2\/users\/1"}],"replies":[{"embeddable":true,"href":"https:\/\/bsi-ice.com\/de\/wp-json\/wp\/v2\/comments?post=9491"}],"version-history":[{"count":9,"href":"https:\/\/bsi-ice.com\/de\/wp-json\/wp\/v2\/pages\/9491\/revisions"}],"predecessor-version":[{"id":9501,"href":"https:\/\/bsi-ice.com\/de\/wp-json\/wp\/v2\/pages\/9491\/revisions\/9501"}],"wp:attachment":[{"href":"https:\/\/bsi-ice.com\/de\/wp-json\/wp\/v2\/media?parent=9491"}],"curies":[{"name":"wp","href":"https:\/\/api.w.org\/{rel}","templated":true}]}}