{"id":10027,"date":"2020-01-23T15:24:26","date_gmt":"2020-01-23T14:24:26","guid":{"rendered":"https:\/\/bsi-ice.com\/politique-de-confidentialite-2\/"},"modified":"2025-01-24T02:30:29","modified_gmt":"2025-01-24T01:30:29","slug":"politique-de-confidentialite-2","status":"publish","type":"page","link":"https:\/\/bsi-ice.com\/de\/politique-de-confidentialite-2\/","title":{"rendered":"Politique de confidentialit\u00e9"},"content":{"rendered":"\t\t<div data-elementor-type=\"wp-page\" data-elementor-id=\"10027\" class=\"elementor elementor-10027 elementor-2929\">\n\t\t\t\t\t\t<section class=\"elementor-section elementor-top-section elementor-element elementor-element-267cd00 elementor-section-boxed elementor-section-height-default elementor-section-height-default\" data-id=\"267cd00\" data-element_type=\"section\">\n\t\t\t\t\t\t<div class=\"elementor-container elementor-column-gap-default\">\n\t\t\t\t\t<div class=\"elementor-column elementor-col-100 elementor-top-column elementor-element elementor-element-9f8e109\" data-id=\"9f8e109\" data-element_type=\"column\">\n\t\t\t<div class=\"elementor-widget-wrap elementor-element-populated\">\n\t\t\t\t\t\t<div class=\"elementor-element elementor-element-532e798 elementor-widget elementor-widget-heading\" data-id=\"532e798\" data-element_type=\"widget\" data-widget_type=\"heading.default\">\n\t\t\t\t<div class=\"elementor-widget-container\">\n\t\t\t\t\t<h2 class=\"elementor-heading-title elementor-size-default\">Politique de Confidentialit\u00e9<\/h2>\t\t\t\t<\/div>\n\t\t\t\t<\/div>\n\t\t\t\t\t<\/div>\n\t\t<\/div>\n\t\t\t\t\t<\/div>\n\t\t<\/section>\n\t\t\t\t<section class=\"elementor-section elementor-top-section elementor-element elementor-element-362a3e9 elementor-section-boxed elementor-section-height-default elementor-section-height-default\" data-id=\"362a3e9\" data-element_type=\"section\">\n\t\t\t\t\t\t<div class=\"elementor-container elementor-column-gap-default\">\n\t\t\t\t\t<div class=\"elementor-column elementor-col-100 elementor-top-column elementor-element elementor-element-8335703\" data-id=\"8335703\" data-element_type=\"column\">\n\t\t\t<div class=\"elementor-widget-wrap elementor-element-populated\">\n\t\t\t\t\t\t<div class=\"elementor-element elementor-element-03189f8 elementor-widget elementor-widget-text-editor\" data-id=\"03189f8\" data-element_type=\"widget\" data-widget_type=\"text-editor.default\">\n\t\t\t\t<div class=\"elementor-widget-container\">\n\t\t\t\t\t\t\t\t\t<p class=\"p3\"><b>Politique de confidentialit\u00e9 et gestion des cookies<\/b><\/p><p class=\"p5\"><b>Qui sommes-nous ?<\/b><\/p><p class=\"p1\">L\u2019adresse de notre site Web est : <a href=\"https:\/\/www.bsi-ice.com\">https:\/\/www.bsi-ice.com<\/a>.<\/p><p class=\"p1\">BSI Services SAS, sp\u00e9cialis\u00e9e dans la production de glace carbonique et prestations de nettoyage cryog\u00e9nique.<\/p><p class=\"p1\">Adresse :<\/p><p class=\"p1\"><b>3 Impasse des Saules, 57480 RETTEL, France<\/b><\/p><p class=\"p1\">T\u00e9l\u00e9phone : (+33) 06.81.27.05.96<\/p><p class=\"p1\">E-mail : info@bsi-services-cryogenie.com<\/p><p class=\"p3\"><b>Utilisation des donn\u00e9es personnelles collect\u00e9es<\/b><\/p><p class=\"p5\"><b>Commentaires<\/b><\/p><p class=\"p1\">Lorsque vous laissez un commentaire sur notre site, les donn\u00e9es collect\u00e9es incluent :<\/p><p class=\"p6\">\u2022Les informations fournies dans le formulaire (nom, e-mail, message).<\/p><p class=\"p6\">\u2022Votre adresse IP et l\u2019agent utilisateur de votre navigateur pour lutter contre les spams.<\/p><p class=\"p5\"><b>Formulaires de contact<\/b><\/p><p class=\"p1\">Les donn\u00e9es collect\u00e9es via les formulaires de contact incluent :<\/p><p class=\"p6\">\u2022Nom, e-mail, t\u00e9l\u00e9phone, message, sujet.<\/p><p class=\"p1\"><b>Conservation des donn\u00e9es<\/b> :<\/p><p class=\"p6\">\u2022Dur\u00e9e : 4 ans (prolong\u00e9e en cas d\u2019obligations l\u00e9gales).<\/p><p class=\"p6\">\u2022Archivage probatoire : 5 ans avant suppression d\u00e9finitive.<\/p><p class=\"p5\"><b>M\u00e9dias<\/b><\/p><p class=\"p1\">Si vous t\u00e9l\u00e9chargez des images sur le site, nous vous recommandons d\u2019\u00e9viter les fichiers contenant des donn\u00e9es EXIF GPS. Les visiteurs pourraient extraire ces donn\u00e9es.<\/p><p class=\"p3\"><b>Cookies utilis\u00e9s sur notre site<\/b><\/p><p class=\"p1\">Notre site utilise des cookies fonctionnels, de statistiques et de s\u00e9curit\u00e9. Voici une liste d\u00e9taill\u00e9e des cookies et leur usage :<\/p><p class=\"p5\"><b>WooCommerce<\/b><\/p><p class=\"p1\"><b>Utilisation<\/b> : Gestion de la boutique en ligne.<\/p><p class=\"p6\">\u2022<b>wc_cart_hash_<\/b>* : Stocker les \u00e9l\u00e9ments du panier (session).<\/p><p class=\"p6\">\u2022<b>wc_cart_created<\/b> : Stocker les actions de l\u2019utilisateur (session).<\/p><p class=\"p6\">\u2022<b>woocommerce_items_in_cart<\/b> : Stocker les articles dans le panier (session).<\/p><p class=\"p6\">\u2022<b>woocommerce_cart_hash<\/b> : Stocker les articles du panier (1 jour).<\/p><p class=\"p6\">\u2022<b>wp_woocommerce_session_<\/b>* : Suivi de session utilisateur (session).<\/p><p class=\"p5\"><b>Elementor<\/b><\/p><p class=\"p1\"><b>Utilisation<\/b> : Cr\u00e9ation de contenu sur le site.<\/p><p class=\"p6\">\u2022<b>elementor<\/b> : Stocker les actions de l\u2019utilisateur (persistant).<\/p><p class=\"p5\"><b>Google reCAPTCHA<\/b><\/p><p class=\"p1\"><b>Utilisation<\/b> : Bloquer les spams.<\/p><p class=\"p6\">\u2022<b>_grecaptcha<\/b> : Protection contre les spams (6 mois).<\/p><p class=\"p5\"><b>WordPress<\/b><\/p><p class=\"p1\"><b>Utilisation<\/b> : D\u00e9veloppement du site.<\/p><p class=\"p6\">\u2022<b>wpEmojiSettingsSupports<\/b> : Stockage d\u2019informations du navigateur (session).<\/p><p class=\"p5\"><b>Stripe<\/b><\/p><p class=\"p1\"><b>Utilisation<\/b> : Traitement des paiements.<\/p><p class=\"p6\">\u2022<b>__stripe_mid<\/b> : Pr\u00e9vention des fraudes (1 an).<\/p><p class=\"p6\">\u2022<b>__stripe_sid<\/b> : Pr\u00e9vention des fraudes (30 minutes).<\/p><p class=\"p5\"><b>Sourcebuster JS<\/b><\/p><p class=\"p1\"><b>Utilisation<\/b> : Suivi des visiteurs.<\/p><p class=\"p6\">\u2022<b>sbjs_migrations<\/b> \/ <b>sbjs_first_add<\/b> : Suivi des interactions (6 mois).<\/p><p class=\"p5\"><b>Cerber Security &amp; Anti-Spam<\/b><\/p><p class=\"p1\"><b>Utilisation<\/b> : S\u00e9curisation du site.<\/p><p class=\"p6\">\u2022<b>cerber_groove<\/b> : Protection contre les pirates (1 an).<\/p><p class=\"p5\"><b>WPML<\/b><\/p><p class=\"p1\"><b>Utilisation<\/b> : Gestion des langues du site.<\/p><p class=\"p6\">\u2022<b>wp-wpml_current_language<\/b> : Stocker les r\u00e9glages de langue (1 jour).<\/p><p class=\"p5\"><b>Automattic<\/b><\/p><p class=\"p1\"><b>Utilisation<\/b> : D\u00e9veloppement du site.<\/p><p class=\"p6\">\u2022<b>tk_qs<\/b> : Fonctionnalit\u00e9s sur toutes les pages (30 minutes).<\/p><p class=\"p3\"><b>Param\u00e9trage et gestion des cookies<\/b><\/p><p class=\"p7\">1.<b>Consentement initial<\/b><\/p><p class=\"p1\">Lors de votre premi\u00e8re visite, une banni\u00e8re vous permet de configurer vos pr\u00e9f\u00e9rences cookies. Vous pouvez modifier vos choix \u00e0 tout moment en cliquant sur le lien suivant :<\/p><p class=\"p1\"><a href=\"#\"><b>R\u00e9viser mon consentement relatif aux cookies<\/b><\/a><\/p><p class=\"p7\">2.<b>G\u00e9rer les cookies via votre navigateur<\/b><\/p><p class=\"p1\">Vous pouvez configurer votre navigateur pour autoriser, bloquer ou supprimer les cookies. Voici des guides pour les principaux navigateurs :<\/p><p class=\"p6\">\u2022<b>Chrome<\/b> : <a href=\"https:\/\/support.google.com\/chrome\/answer\/95647\">Configurer les cookies<\/a>.<\/p><p class=\"p6\">\u2022<b>Firefox<\/b> : <a href=\"https:\/\/support.mozilla.org\/fr\/kb\/activer-desactiver-cookies\">Param\u00e8tres des cookies<\/a>.<\/p><p class=\"p6\">\u2022<b>Safari<\/b> : <a href=\"https:\/\/support.apple.com\/fr-fr\/guide\/safari\/sfri11471\/mac\">Gestion des cookies<\/a>.<\/p><p class=\"p3\"><b>Droits des utilisateurs<\/b><\/p><p class=\"p1\">Vous avez les droits suivants sur vos donn\u00e9es personnelles :<\/p><p class=\"p6\">\u2022<b>Acc\u00e8s, rectification, suppression<\/b> des donn\u00e9es personnelles.<\/p><p class=\"p6\">\u2022<b>Opposition au traitement des donn\u00e9es<\/b> dans certains cas.<\/p><p class=\"p6\">\u2022<b>Portabilit\u00e9 des donn\u00e9es<\/b> vers un autre responsable de traitement.<\/p><p class=\"p3\"><b>Mise \u00e0 jour<\/b><\/p><p class=\"p1\">Cette politique a \u00e9t\u00e9 mise \u00e0 jour pour la derni\u00e8re fois le <b>24 janvier 2025<\/b>.<\/p><p class=\"p1\">Pour toute question ou demande, contactez-nous \u00e0 <b>info@bsi-services-cryogenie.com<\/b>.<\/p>\t\t\t\t\t\t\t\t<\/div>\n\t\t\t\t<\/div>\n\t\t\t\t\t<\/div>\n\t\t<\/div>\n\t\t\t\t\t<\/div>\n\t\t<\/section>\n\t\t\t\t<\/div>\n\t\t","protected":false},"excerpt":{"rendered":"<p>Politique de Confidentialit\u00e9 Politique de confidentialit\u00e9 et gestion des cookies Qui sommes-nous ? L\u2019adresse de notre site Web est : https:\/\/www.bsi-ice.com. BSI Services SAS, sp\u00e9cialis\u00e9e dans la production de glace carbonique et prestations de nettoyage cryog\u00e9nique. Adresse : 3 Impasse des Saules, 57480 RETTEL, France T\u00e9l\u00e9phone : (+33) 06.81.27.05.96 E-mail : info@bsi-services-cryogenie.com Utilisation des donn\u00e9es [&hellip;]<\/p>\n","protected":false},"author":1,"featured_media":0,"parent":0,"menu_order":0,"comment_status":"closed","ping_status":"closed","template":"","meta":{"_eb_attr":"","_monsterinsights_skip_tracking":false,"_monsterinsights_sitenote_active":false,"_monsterinsights_sitenote_note":"","_monsterinsights_sitenote_category":0,"ocean_post_layout":"","ocean_both_sidebars_style":"","ocean_both_sidebars_content_width":0,"ocean_both_sidebars_sidebars_width":0,"ocean_sidebar":"0","ocean_second_sidebar":"0","ocean_disable_margins":"enable","ocean_add_body_class":"","ocean_shortcode_before_top_bar":"","ocean_shortcode_after_top_bar":"","ocean_shortcode_before_header":"","ocean_shortcode_after_header":"","ocean_has_shortcode":"","ocean_shortcode_after_title":"","ocean_shortcode_before_footer_widgets":"","ocean_shortcode_after_footer_widgets":"","ocean_shortcode_before_footer_bottom":"","ocean_shortcode_after_footer_bottom":"","ocean_display_top_bar":"default","ocean_display_header":"default","ocean_header_style":"","ocean_center_header_left_menu":"0","ocean_custom_header_template":"0","ocean_custom_logo":0,"ocean_custom_retina_logo":0,"ocean_custom_logo_max_width":0,"ocean_custom_logo_tablet_max_width":0,"ocean_custom_logo_mobile_max_width":0,"ocean_custom_logo_max_height":0,"ocean_custom_logo_tablet_max_height":0,"ocean_custom_logo_mobile_max_height":0,"ocean_header_custom_menu":"0","ocean_menu_typo_font_family":"0","ocean_menu_typo_font_subset":"","ocean_menu_typo_font_size":0,"ocean_menu_typo_font_size_tablet":0,"ocean_menu_typo_font_size_mobile":0,"ocean_menu_typo_font_size_unit":"px","ocean_menu_typo_font_weight":"","ocean_menu_typo_font_weight_tablet":"","ocean_menu_typo_font_weight_mobile":"","ocean_menu_typo_transform":"","ocean_menu_typo_transform_tablet":"","ocean_menu_typo_transform_mobile":"","ocean_menu_typo_line_height":0,"ocean_menu_typo_line_height_tablet":0,"ocean_menu_typo_line_height_mobile":0,"ocean_menu_typo_line_height_unit":"","ocean_menu_typo_spacing":0,"ocean_menu_typo_spacing_tablet":0,"ocean_menu_typo_spacing_mobile":0,"ocean_menu_typo_spacing_unit":"","ocean_menu_link_color":"","ocean_menu_link_color_hover":"","ocean_menu_link_color_active":"","ocean_menu_link_background":"","ocean_menu_link_hover_background":"","ocean_menu_link_active_background":"","ocean_menu_social_links_bg":"","ocean_menu_social_hover_links_bg":"","ocean_menu_social_links_color":"","ocean_menu_social_hover_links_color":"","ocean_disable_title":"default","ocean_disable_heading":"default","ocean_post_title":"","ocean_post_subheading":"","ocean_post_title_style":"","ocean_post_title_background_color":"","ocean_post_title_background":0,"ocean_post_title_bg_image_position":"","ocean_post_title_bg_image_attachment":"","ocean_post_title_bg_image_repeat":"","ocean_post_title_bg_image_size":"","ocean_post_title_height":0,"ocean_post_title_bg_overlay":0.5,"ocean_post_title_bg_overlay_color":"","ocean_disable_breadcrumbs":"default","ocean_breadcrumbs_color":"","ocean_breadcrumbs_separator_color":"","ocean_breadcrumbs_links_color":"","ocean_breadcrumbs_links_hover_color":"","ocean_display_footer_widgets":"default","ocean_display_footer_bottom":"default","ocean_custom_footer_template":"0","footnotes":""},"class_list":["post-10027","page","type-page","status-publish","hentry","entry","owp-thumbs-layout-horizontal","owp-btn-very-big","owp-tabs-layout-horizontal","has-no-thumbnails"],"yoast_head":"<!-- This site is optimized with the Yoast SEO plugin v26.4 - https:\/\/yoast.com\/wordpress\/plugins\/seo\/ -->\n<title>Politique de confidentialit\u00e9 - BSI Ice<\/title>\n<meta name=\"robots\" content=\"index, follow, max-snippet:-1, max-image-preview:large, max-video-preview:-1\" \/>\n<link rel=\"canonical\" href=\"https:\/\/bsi-ice.com\/de\/politique-de-confidentialite-2\/\" \/>\n<meta property=\"og:locale\" content=\"de_DE\" \/>\n<meta property=\"og:type\" content=\"article\" \/>\n<meta property=\"og:title\" content=\"Politique de confidentialit\u00e9 - BSI Ice\" \/>\n<meta property=\"og:description\" content=\"Politique de Confidentialit\u00e9 Politique de confidentialit\u00e9 et gestion des cookies Qui sommes-nous ? L\u2019adresse de notre site Web est : https:\/\/www.bsi-ice.com. BSI Services SAS, sp\u00e9cialis\u00e9e dans la production de glace carbonique et prestations de nettoyage cryog\u00e9nique. Adresse : 3 Impasse des Saules, 57480 RETTEL, France T\u00e9l\u00e9phone : (+33) 06.81.27.05.96 E-mail : info@bsi-services-cryogenie.com Utilisation des donn\u00e9es [&hellip;]\" \/>\n<meta property=\"og:url\" content=\"https:\/\/bsi-ice.com\/de\/politique-de-confidentialite-2\/\" \/>\n<meta property=\"og:site_name\" content=\"BSI Ice\" \/>\n<meta property=\"article:modified_time\" content=\"2025-01-24T01:30:29+00:00\" \/>\n<meta name=\"twitter:card\" content=\"summary_large_image\" \/>\n<meta name=\"twitter:label1\" content=\"Gesch\u00e4tzte Lesezeit\" \/>\n\t<meta name=\"twitter:data1\" content=\"8\u00a0Minuten\" \/>\n<script type=\"application\/ld+json\" class=\"yoast-schema-graph\">{\"@context\":\"https:\/\/schema.org\",\"@graph\":[{\"@type\":\"WebPage\",\"@id\":\"https:\/\/bsi-ice.com\/de\/politique-de-confidentialite-2\/\",\"url\":\"https:\/\/bsi-ice.com\/de\/politique-de-confidentialite-2\/\",\"name\":\"Politique de confidentialit\u00e9 - BSI Ice\",\"isPartOf\":{\"@id\":\"https:\/\/bsi-ice.com\/de\/#website\"},\"datePublished\":\"2020-01-23T14:24:26+00:00\",\"dateModified\":\"2025-01-24T01:30:29+00:00\",\"breadcrumb\":{\"@id\":\"https:\/\/bsi-ice.com\/de\/politique-de-confidentialite-2\/#breadcrumb\"},\"inLanguage\":\"de\",\"potentialAction\":[{\"@type\":\"ReadAction\",\"target\":[\"https:\/\/bsi-ice.com\/de\/politique-de-confidentialite-2\/\"]}]},{\"@type\":\"BreadcrumbList\",\"@id\":\"https:\/\/bsi-ice.com\/de\/politique-de-confidentialite-2\/#breadcrumb\",\"itemListElement\":[{\"@type\":\"ListItem\",\"position\":1,\"name\":\"Accueil\",\"item\":\"https:\/\/bsi-ice.com\/de\/start\/\"},{\"@type\":\"ListItem\",\"position\":2,\"name\":\"Politique de confidentialit\u00e9\"}]},{\"@type\":\"WebSite\",\"@id\":\"https:\/\/bsi-ice.com\/de\/#website\",\"url\":\"https:\/\/bsi-ice.com\/de\/\",\"name\":\"Bsi Ice\",\"description\":\"Glace carbonique de premi\u00e8re qualit\u00e9\",\"publisher\":{\"@id\":\"https:\/\/bsi-ice.com\/de\/#organization\"},\"potentialAction\":[{\"@type\":\"SearchAction\",\"target\":{\"@type\":\"EntryPoint\",\"urlTemplate\":\"https:\/\/bsi-ice.com\/de\/?s={search_term_string}\"},\"query-input\":{\"@type\":\"PropertyValueSpecification\",\"valueRequired\":true,\"valueName\":\"search_term_string\"}}],\"inLanguage\":\"de\"},{\"@type\":\"Organization\",\"@id\":\"https:\/\/bsi-ice.com\/de\/#organization\",\"name\":\"Bsi Ice\",\"url\":\"https:\/\/bsi-ice.com\/de\/\",\"logo\":{\"@type\":\"ImageObject\",\"inLanguage\":\"de\",\"@id\":\"https:\/\/bsi-ice.com\/de\/#\/schema\/logo\/image\/\",\"url\":\"https:\/\/bsi-ice.com\/wp-content\/uploads\/2019\/08\/Logo-Bsi-ice-VF-1.png\",\"contentUrl\":\"https:\/\/bsi-ice.com\/wp-content\/uploads\/2019\/08\/Logo-Bsi-ice-VF-1.png\",\"width\":643,\"height\":138,\"caption\":\"Bsi Ice\"},\"image\":{\"@id\":\"https:\/\/bsi-ice.com\/de\/#\/schema\/logo\/image\/\"},\"sameAs\":[\"https:\/\/www.linkedin.com\/company\/11209666\"]}]}<\/script>\n<!-- \/ Yoast SEO plugin. -->","yoast_head_json":{"title":"Politique de confidentialit\u00e9 - BSI Ice","robots":{"index":"index","follow":"follow","max-snippet":"max-snippet:-1","max-image-preview":"max-image-preview:large","max-video-preview":"max-video-preview:-1"},"canonical":"https:\/\/bsi-ice.com\/de\/politique-de-confidentialite-2\/","og_locale":"de_DE","og_type":"article","og_title":"Politique de confidentialit\u00e9 - BSI Ice","og_description":"Politique de Confidentialit\u00e9 Politique de confidentialit\u00e9 et gestion des cookies Qui sommes-nous ? L\u2019adresse de notre site Web est : https:\/\/www.bsi-ice.com. BSI Services SAS, sp\u00e9cialis\u00e9e dans la production de glace carbonique et prestations de nettoyage cryog\u00e9nique. Adresse : 3 Impasse des Saules, 57480 RETTEL, France T\u00e9l\u00e9phone : (+33) 06.81.27.05.96 E-mail : info@bsi-services-cryogenie.com Utilisation des donn\u00e9es [&hellip;]","og_url":"https:\/\/bsi-ice.com\/de\/politique-de-confidentialite-2\/","og_site_name":"BSI Ice","article_modified_time":"2025-01-24T01:30:29+00:00","twitter_card":"summary_large_image","twitter_misc":{"Gesch\u00e4tzte Lesezeit":"8\u00a0Minuten"},"schema":{"@context":"https:\/\/schema.org","@graph":[{"@type":"WebPage","@id":"https:\/\/bsi-ice.com\/de\/politique-de-confidentialite-2\/","url":"https:\/\/bsi-ice.com\/de\/politique-de-confidentialite-2\/","name":"Politique de confidentialit\u00e9 - BSI Ice","isPartOf":{"@id":"https:\/\/bsi-ice.com\/de\/#website"},"datePublished":"2020-01-23T14:24:26+00:00","dateModified":"2025-01-24T01:30:29+00:00","breadcrumb":{"@id":"https:\/\/bsi-ice.com\/de\/politique-de-confidentialite-2\/#breadcrumb"},"inLanguage":"de","potentialAction":[{"@type":"ReadAction","target":["https:\/\/bsi-ice.com\/de\/politique-de-confidentialite-2\/"]}]},{"@type":"BreadcrumbList","@id":"https:\/\/bsi-ice.com\/de\/politique-de-confidentialite-2\/#breadcrumb","itemListElement":[{"@type":"ListItem","position":1,"name":"Accueil","item":"https:\/\/bsi-ice.com\/de\/start\/"},{"@type":"ListItem","position":2,"name":"Politique de confidentialit\u00e9"}]},{"@type":"WebSite","@id":"https:\/\/bsi-ice.com\/de\/#website","url":"https:\/\/bsi-ice.com\/de\/","name":"Bsi Ice","description":"Glace carbonique de premi\u00e8re qualit\u00e9","publisher":{"@id":"https:\/\/bsi-ice.com\/de\/#organization"},"potentialAction":[{"@type":"SearchAction","target":{"@type":"EntryPoint","urlTemplate":"https:\/\/bsi-ice.com\/de\/?s={search_term_string}"},"query-input":{"@type":"PropertyValueSpecification","valueRequired":true,"valueName":"search_term_string"}}],"inLanguage":"de"},{"@type":"Organization","@id":"https:\/\/bsi-ice.com\/de\/#organization","name":"Bsi Ice","url":"https:\/\/bsi-ice.com\/de\/","logo":{"@type":"ImageObject","inLanguage":"de","@id":"https:\/\/bsi-ice.com\/de\/#\/schema\/logo\/image\/","url":"https:\/\/bsi-ice.com\/wp-content\/uploads\/2019\/08\/Logo-Bsi-ice-VF-1.png","contentUrl":"https:\/\/bsi-ice.com\/wp-content\/uploads\/2019\/08\/Logo-Bsi-ice-VF-1.png","width":643,"height":138,"caption":"Bsi Ice"},"image":{"@id":"https:\/\/bsi-ice.com\/de\/#\/schema\/logo\/image\/"},"sameAs":["https:\/\/www.linkedin.com\/company\/11209666"]}]}},"_links":{"self":[{"href":"https:\/\/bsi-ice.com\/de\/wp-json\/wp\/v2\/pages\/10027","targetHints":{"allow":["GET"]}}],"collection":[{"href":"https:\/\/bsi-ice.com\/de\/wp-json\/wp\/v2\/pages"}],"about":[{"href":"https:\/\/bsi-ice.com\/de\/wp-json\/wp\/v2\/types\/page"}],"author":[{"embeddable":true,"href":"https:\/\/bsi-ice.com\/de\/wp-json\/wp\/v2\/users\/1"}],"replies":[{"embeddable":true,"href":"https:\/\/bsi-ice.com\/de\/wp-json\/wp\/v2\/comments?post=10027"}],"version-history":[{"count":3,"href":"https:\/\/bsi-ice.com\/de\/wp-json\/wp\/v2\/pages\/10027\/revisions"}],"predecessor-version":[{"id":10811,"href":"https:\/\/bsi-ice.com\/de\/wp-json\/wp\/v2\/pages\/10027\/revisions\/10811"}],"wp:attachment":[{"href":"https:\/\/bsi-ice.com\/de\/wp-json\/wp\/v2\/media?parent=10027"}],"curies":[{"name":"wp","href":"https:\/\/api.w.org\/{rel}","templated":true}]}}